{"id":2,"date":"2018-03-15T17:39:28","date_gmt":"2018-03-15T16:39:28","guid":{"rendered":"http:\/\/www.osteopathe-47.fr\/?page_id=2"},"modified":"2018-03-26T17:58:59","modified_gmt":"2018-03-26T15:58:59","slug":"page-d-exemple","status":"publish","type":"page","link":"https:\/\/www.osteopathe-47.fr\/index.php\/page-d-exemple\/","title":{"rendered":"Ost\u00e9opathie"},"content":{"rendered":"<p>L&#8217;ost\u00e9opathie est une m\u00e9decine, \u00e0 la fois pr\u00e9ventive et curative, bas\u00e9e sur des techniques manuelles. Elle s\u2019appuie sur le concept que l\u2019organisme est un tout et que la sant\u00e9 passe par l\u2019\u00e9quilibre fonctionnel de l\u2019ensemble des structures qui composent le corps humain.<\/p>\n<p>M\u00e9decine compl\u00e9mentaire, elle s&#8217;int\u00e9resse non seulement aux sympt\u00f4mes physiques mais aussi aux habitudes de vie et \u00e0 l&#8217;\u00e9tat global du patient.<\/p>\n","protected":false},"excerpt":{"rendered":"<p>L&#8217;ost\u00e9opathie est une m\u00e9decine, \u00e0 la fois pr\u00e9ventive et curative, bas\u00e9e sur des techniques manuelles. Elle s\u2019appuie sur le concept que l\u2019organisme est un tout et que la sant\u00e9 passe par l\u2019\u00e9quilibre fonctionnel de l\u2019ensemble des structures qui composent le corps humain. M\u00e9decine compl\u00e9mentaire, elle s&#8217;int\u00e9resse non seulement aux sympt\u00f4mes physiques mais aussi aux habitudes [&hellip;]<\/p>\n","protected":false},"author":1,"featured_media":0,"parent":0,"menu_order":0,"comment_status":"closed","ping_status":"open","template":"","meta":{"footnotes":""},"class_list":["post-2","page","type-page","status-publish","hentry"],"_links":{"self":[{"href":"https:\/\/www.osteopathe-47.fr\/index.php\/wp-json\/wp\/v2\/pages\/2","targetHints":{"allow":["GET"]}}],"collection":[{"href":"https:\/\/www.osteopathe-47.fr\/index.php\/wp-json\/wp\/v2\/pages"}],"about":[{"href":"https:\/\/www.osteopathe-47.fr\/index.php\/wp-json\/wp\/v2\/types\/page"}],"author":[{"embeddable":true,"href":"https:\/\/www.osteopathe-47.fr\/index.php\/wp-json\/wp\/v2\/users\/1"}],"replies":[{"embeddable":true,"href":"https:\/\/www.osteopathe-47.fr\/index.php\/wp-json\/wp\/v2\/comments?post=2"}],"version-history":[{"count":2,"href":"https:\/\/www.osteopathe-47.fr\/index.php\/wp-json\/wp\/v2\/pages\/2\/revisions"}],"predecessor-version":[{"id":54,"href":"https:\/\/www.osteopathe-47.fr\/index.php\/wp-json\/wp\/v2\/pages\/2\/revisions\/54"}],"wp:attachment":[{"href":"https:\/\/www.osteopathe-47.fr\/index.php\/wp-json\/wp\/v2\/media?parent=2"}],"curies":[{"name":"wp","href":"https:\/\/api.w.org\/{rel}","templated":true}]}}