{"id":25,"date":"2018-03-18T22:19:54","date_gmt":"2018-03-18T21:19:54","guid":{"rendered":"http:\/\/www.osteopathe-47.fr\/?page_id=25"},"modified":"2024-11-13T12:01:38","modified_gmt":"2024-11-13T11:01:38","slug":"accueil","status":"publish","type":"page","link":"https:\/\/www.osteopathe-47.fr\/","title":{"rendered":"Cabinet Ost\u00e9opathie Jardin de Boissonna"},"content":{"rendered":"<p><img loading=\"lazy\" decoding=\"async\" class=\"size-medium wp-image-58 alignleft\" src=\"http:\/\/www.osteopathe-47.fr\/wp-content\/uploads\/2018\/03\/panneau-osteo-199x300.jpg\" alt=\"\" width=\"199\" height=\"300\" srcset=\"https:\/\/www.osteopathe-47.fr\/wp-content\/uploads\/2018\/03\/panneau-osteo-199x300.jpg 199w, https:\/\/www.osteopathe-47.fr\/wp-content\/uploads\/2018\/03\/panneau-osteo.jpg 400w\" sizes=\"auto, (max-width: 199px) 100vw, 199px\" \/><\/p>\n<p>&nbsp;<\/p>\n<p style=\"text-align: center;\">Bienvenue sur le site du cabinet d&#8217;ost\u00e9opathie du pays de Duras<\/p>\n\n\n<p class=\"has-text-align-center\">Christophe Glad et David Moreau vous accueillent au sein de leur cabinet d&#8217;ost\u00e9opathie \u00e0 Baleyssagues, au c\u0153ur du Jardin de Boissonna<\/p>\n\n\n\n<p class=\"has-text-align-center\"><\/p>\n\n\n\n<p><\/p>\n\n\n\n<p class=\"has-medium-font-size\"><strong>Pr\u00e9sentations:<\/strong><\/p>\n\n\n\n<p><strong>Glad Christophe, Ost\u00e9opathe D.O.<\/strong><\/p>\n\n\n<div class=\"wp-block-image\">\n<figure class=\"aligncenter size-large is-resized\"><img loading=\"lazy\" decoding=\"async\" width=\"768\" height=\"1024\" src=\"http:\/\/www.osteopathe-47.fr\/wp-content\/uploads\/2024\/11\/2024-Photo-de-presentation-Glad-Christophe-768x1024.jpg\" alt=\"\" class=\"wp-image-100\" style=\"width:251px;height:auto\" srcset=\"https:\/\/www.osteopathe-47.fr\/wp-content\/uploads\/2024\/11\/2024-Photo-de-presentation-Glad-Christophe-768x1024.jpg 768w, https:\/\/www.osteopathe-47.fr\/wp-content\/uploads\/2024\/11\/2024-Photo-de-presentation-Glad-Christophe-225x300.jpg 225w, https:\/\/www.osteopathe-47.fr\/wp-content\/uploads\/2024\/11\/2024-Photo-de-presentation-Glad-Christophe-750x1000.jpg 750w, https:\/\/www.osteopathe-47.fr\/wp-content\/uploads\/2024\/11\/2024-Photo-de-presentation-Glad-Christophe.jpg 1080w\" sizes=\"auto, (max-width: 768px) 100vw, 768px\" \/><\/figure>\n<\/div>\n\n\n<p>Christophe Glad \u00e0 commenc\u00e9 sa carri\u00e8re en tant que kin\u00e9sith\u00e9rapeute. Il s&#8217;est rapidement form\u00e9 \u00e0 l&#8217;ost\u00e9opathie et l&#8217;exerce depuis 1998. Gr\u00e2ce \u00e0 de nombreux stages avec Pierre Tricot il pratique l&#8217;ost\u00e9opathie tissulaire (cr\u00e2nio sacr\u00e9). Il a aussi \u00e9tudi\u00e9 durant 6 ann\u00e9es la m\u00e9decine traditionnelle chinoise sur laquelle il s&#8217;appuie lors de ses s\u00e9ances.<\/p>\n\n\n\n<p><strong>Moreau David, Ost\u00e9opathe D.O.<\/strong><\/p>\n\n\n<div class=\"wp-block-image\">\n<figure class=\"aligncenter size-full is-resized\"><img loading=\"lazy\" decoding=\"async\" width=\"819\" height=\"460\" src=\"http:\/\/www.osteopathe-47.fr\/wp-content\/uploads\/2024\/11\/photo-presentation.jpg\" alt=\"\" class=\"wp-image-104\" style=\"width:840px;height:auto\" srcset=\"https:\/\/www.osteopathe-47.fr\/wp-content\/uploads\/2024\/11\/photo-presentation.jpg 819w, https:\/\/www.osteopathe-47.fr\/wp-content\/uploads\/2024\/11\/photo-presentation-300x168.jpg 300w, https:\/\/www.osteopathe-47.fr\/wp-content\/uploads\/2024\/11\/photo-presentation-768x431.jpg 768w, https:\/\/www.osteopathe-47.fr\/wp-content\/uploads\/2024\/11\/photo-presentation-750x421.jpg 750w\" sizes=\"auto, (max-width: 819px) 100vw, 819px\" \/><\/figure>\n<\/div>\n\n\n<p>David Moreau exerce une ost\u00e9opathie douce adapt\u00e9e \u00e0 chaque motif de consultation.<\/p>\n\n\n\n<p>Il prend en charge des patients \u00e0 tout \u00e2ges et moments de la vie:&nbsp;nourrissons, enfants, femmes enceintes, adultes, personnes \u00e2g\u00e9es, sportifs.<\/p>\n\n\n\n<p>Son approche est globale et pluridisciplinaire par la mise en oeuvre des techniques visc\u00e9rales, craniennes, fasciales et musculo-squelettiques.<\/p>\n\n\n\n<p>Le praticien est dipl\u00f4m\u00e9 du Coll\u00e8ge Ost\u00e9opathique de Bordeaux en 2013. Il s&#8217;est form\u00e9 par la suite aux techniques tissulaires avec Pierre Tricot et \u00e0 l&#8217;ost\u00e9opathie en biodynamie avec Bruno Josse.<\/p>\n\n\n\n<script type=\"text\/javascript\" src=\"\/\/storage.googleapis.com\/cli-app-trs-assets-001\/lib\/clicrdv-widgets-v1\/clicrdv-widgets-min.js\"><\/script>\n\n<script type=\"text\/javascript\">CLICRDV.renderWidget('iframe','cabinet-de-monsieur-glad',{\"size\":[650,350],\"autoresize\":true,\"new_user\":false});<\/script>\n","protected":false},"excerpt":{"rendered":"<p>&nbsp; Bienvenue sur le site du cabinet d&#8217;ost\u00e9opathie du pays de Duras Christophe Glad et David Moreau vous accueillent au sein de leur cabinet d&#8217;ost\u00e9opathie \u00e0 Baleyssagues, au c\u0153ur du Jardin de Boissonna Pr\u00e9sentations: Glad Christophe, Ost\u00e9opathe D.O. Christophe Glad \u00e0 commenc\u00e9 sa carri\u00e8re en tant que kin\u00e9sith\u00e9rapeute. Il s&#8217;est rapidement form\u00e9 \u00e0 l&#8217;ost\u00e9opathie et [&hellip;]<\/p>\n","protected":false},"author":1,"featured_media":0,"parent":0,"menu_order":0,"comment_status":"closed","ping_status":"closed","template":"","meta":{"footnotes":""},"class_list":["post-25","page","type-page","status-publish","hentry"],"_links":{"self":[{"href":"https:\/\/www.osteopathe-47.fr\/index.php\/wp-json\/wp\/v2\/pages\/25","targetHints":{"allow":["GET"]}}],"collection":[{"href":"https:\/\/www.osteopathe-47.fr\/index.php\/wp-json\/wp\/v2\/pages"}],"about":[{"href":"https:\/\/www.osteopathe-47.fr\/index.php\/wp-json\/wp\/v2\/types\/page"}],"author":[{"embeddable":true,"href":"https:\/\/www.osteopathe-47.fr\/index.php\/wp-json\/wp\/v2\/users\/1"}],"replies":[{"embeddable":true,"href":"https:\/\/www.osteopathe-47.fr\/index.php\/wp-json\/wp\/v2\/comments?post=25"}],"version-history":[{"count":14,"href":"https:\/\/www.osteopathe-47.fr\/index.php\/wp-json\/wp\/v2\/pages\/25\/revisions"}],"predecessor-version":[{"id":105,"href":"https:\/\/www.osteopathe-47.fr\/index.php\/wp-json\/wp\/v2\/pages\/25\/revisions\/105"}],"wp:attachment":[{"href":"https:\/\/www.osteopathe-47.fr\/index.php\/wp-json\/wp\/v2\/media?parent=25"}],"curies":[{"name":"wp","href":"https:\/\/api.w.org\/{rel}","templated":true}]}}