{"id":50,"date":"2018-03-18T22:53:29","date_gmt":"2018-03-18T21:53:29","guid":{"rendered":"http:\/\/www.osteopathe-47.fr\/?page_id=50"},"modified":"2020-11-07T16:16:48","modified_gmt":"2020-11-07T15:16:48","slug":"une-seance","status":"publish","type":"page","link":"https:\/\/www.osteopathe-47.fr\/index.php\/une-seance\/","title":{"rendered":"Une S\u00e9ance"},"content":{"rendered":"<p>\u00a0<\/p>\n<p><img loading=\"lazy\" decoding=\"async\" class=\"size-medium wp-image-80\" src=\"http:\/\/www.osteopathe-47.fr\/wp-content\/uploads\/2020\/11\/127753373_m-300x209.jpg\" alt=\"\" width=\"300\" height=\"209\" srcset=\"https:\/\/www.osteopathe-47.fr\/wp-content\/uploads\/2020\/11\/127753373_m-300x209.jpg 300w, https:\/\/www.osteopathe-47.fr\/wp-content\/uploads\/2020\/11\/127753373_m-1024x712.jpg 1024w, https:\/\/www.osteopathe-47.fr\/wp-content\/uploads\/2020\/11\/127753373_m-768x534.jpg 768w, https:\/\/www.osteopathe-47.fr\/wp-content\/uploads\/2020\/11\/127753373_m-1536x1068.jpg 1536w, https:\/\/www.osteopathe-47.fr\/wp-content\/uploads\/2020\/11\/127753373_m-2048x1424.jpg 2048w, https:\/\/www.osteopathe-47.fr\/wp-content\/uploads\/2020\/11\/127753373_m-750x522.jpg 750w\" sizes=\"auto, (max-width: 300px) 100vw, 300px\" \/><\/p>\n<p>\u00a0<\/p>\n<p>Dur\u00e9e d\u2019une consultation :<br \/>1 heure la premi\u00e8re consultation,<br \/>45 min \u00e0 1 heure les consultations suivantes.<\/p>\n<p>Pi\u00e8ces \u00e0 apporter :<br \/>Tous les examens compl\u00e9mentaires dont vous disposez :<br \/>Les examens biologiques,<br \/>les imageries m\u00e9dicales<br \/>les compte-rendus op\u00e9ratoires.<\/p>\n<p>Conseils \u00e0 suivre pour une bonne efficacit\u00e9 d\u2019un traitement :<br \/>Se m\u00e9nager au maximum les 24 \u00e0 48 heures qui suivent un traitement. Ne pas pr\u00e9voir un travail trop physique pendant cette dur\u00e9e.<br \/>Bien s\u2019hydrater.<\/p>\n<p>Quel co\u00fbt pour pour vos soins ?<br \/>Le tarif d&#8217;une s\u00e9ance est de 55 euros.<\/p>\n<p>Le remboursement :<br \/>L&#8217;ost\u00e9opathie est prise en charge par les assurances compl\u00e9mentaires.<\/p>\n<p>Le niveau de cette prise en charge d\u00e9pend de votre contrat d&#8217;assurance.<\/p>\n\n\n\n\n<p><\/p>\n","protected":false},"excerpt":{"rendered":"<p>\u00a0 \u00a0 Dur\u00e9e d\u2019une consultation :1 heure la premi\u00e8re consultation,45 min \u00e0 1 heure les consultations suivantes. Pi\u00e8ces \u00e0 apporter :Tous les examens compl\u00e9mentaires dont vous disposez :Les examens biologiques,les imageries m\u00e9dicalesles compte-rendus op\u00e9ratoires. Conseils \u00e0 suivre pour une bonne efficacit\u00e9 d\u2019un traitement :Se m\u00e9nager au maximum les 24 \u00e0 48 heures qui suivent un [&hellip;]<\/p>\n","protected":false},"author":1,"featured_media":0,"parent":0,"menu_order":0,"comment_status":"closed","ping_status":"closed","template":"","meta":{"footnotes":""},"class_list":["post-50","page","type-page","status-publish","hentry"],"_links":{"self":[{"href":"https:\/\/www.osteopathe-47.fr\/index.php\/wp-json\/wp\/v2\/pages\/50","targetHints":{"allow":["GET"]}}],"collection":[{"href":"https:\/\/www.osteopathe-47.fr\/index.php\/wp-json\/wp\/v2\/pages"}],"about":[{"href":"https:\/\/www.osteopathe-47.fr\/index.php\/wp-json\/wp\/v2\/types\/page"}],"author":[{"embeddable":true,"href":"https:\/\/www.osteopathe-47.fr\/index.php\/wp-json\/wp\/v2\/users\/1"}],"replies":[{"embeddable":true,"href":"https:\/\/www.osteopathe-47.fr\/index.php\/wp-json\/wp\/v2\/comments?post=50"}],"version-history":[{"count":4,"href":"https:\/\/www.osteopathe-47.fr\/index.php\/wp-json\/wp\/v2\/pages\/50\/revisions"}],"predecessor-version":[{"id":82,"href":"https:\/\/www.osteopathe-47.fr\/index.php\/wp-json\/wp\/v2\/pages\/50\/revisions\/82"}],"wp:attachment":[{"href":"https:\/\/www.osteopathe-47.fr\/index.php\/wp-json\/wp\/v2\/media?parent=50"}],"curies":[{"name":"wp","href":"https:\/\/api.w.org\/{rel}","templated":true}]}}